{"id":1820,"date":"2026-01-15T00:45:21","date_gmt":"2026-01-15T03:45:21","guid":{"rendered":"https:\/\/investema.goldenlayers.com.br\/?page_id=1820"},"modified":"2026-01-15T20:03:51","modified_gmt":"2026-01-15T23:03:51","slug":"a-investe-maranhao","status":"publish","type":"page","link":"https:\/\/investema.goldenlayers.com.br\/index.php\/a-investe-maranhao\/","title":{"rendered":"A investe Maranh\u00e3o"},"content":{"rendered":"\t\t<div data-elementor-type=\"wp-page\" data-elementor-id=\"1820\" class=\"elementor elementor-1820\" data-elementor-post-type=\"page\">\n\t\t\t\t<div class=\"elementor-element elementor-element-2e32ab7 hero-slider-target e-flex e-con-boxed e-con e-parent\" data-id=\"2e32ab7\" data-element_type=\"container\">\n\t\t\t\t\t<div class=\"e-con-inner\">\n\t\t<div class=\"elementor-element elementor-element-35dda0d e-con-full e-flex e-con e-child\" data-id=\"35dda0d\" data-element_type=\"container\">\n\t\t\t\t<div class=\"elementor-element elementor-element-2e6afc6 elementor-invisible elementor-widget elementor-widget-heading\" data-id=\"2e6afc6\" data-element_type=\"widget\" data-settings=\"{&quot;_animation&quot;:&quot;fadeInUp&quot;}\" data-widget_type=\"heading.default\">\n\t\t\t\t\t<h1 class=\"elementor-heading-title elementor-size-default\">A investe Maranh\u00e3o<\/h1>\t\t\t\t<\/div>\n\t\t\t\t<\/div>\n\t\t\t\t\t<\/div>\n\t\t\t\t<\/div>\n\t\t<div class=\"elementor-element elementor-element-d102ccd e-flex e-con-boxed e-con e-parent\" data-id=\"d102ccd\" data-element_type=\"container\" data-settings=\"{&quot;background_background&quot;:&quot;classic&quot;}\">\n\t\t\t\t\t<div class=\"e-con-inner\">\n\t\t<div class=\"elementor-element elementor-element-ecd995d e-con-full e-flex e-con e-child\" data-id=\"ecd995d\" data-element_type=\"container\">\n\t\t\t\t<div class=\"elementor-element elementor-element-7ece37f elementor-widget__width-initial elementor-widget-mobile__width-inherit elementor-invisible elementor-widget elementor-widget-text-editor\" data-id=\"7ece37f\" data-element_type=\"widget\" data-settings=\"{&quot;_animation&quot;:&quot;fadeInUp&quot;}\" data-widget_type=\"text-editor.default\">\n\t\t\t\t\t\t\t\t\t<p>A Investe Maranh\u00e3o \u00e9 Ag\u00eancia de Desenvolvimento do Estado do Maranh\u00e3o respons\u00e1vel por atrair investimentos, estabelecer neg\u00f3cios e impulsionar o desenvolvimento econ\u00f4mico regional, promovendo gera\u00e7\u00e3o de emprego, renda e qualidade de vida.<\/p>\t\t\t\t\t\t\t\t<\/div>\n\t\t\t\t<\/div>\n\t\t\t\t\t<\/div>\n\t\t\t\t<\/div>\n\t\t<div class=\"elementor-element elementor-element-02e451e e-flex e-con-boxed e-con e-parent\" data-id=\"02e451e\" data-element_type=\"container\">\n\t\t\t\t\t<div class=\"e-con-inner\">\n\t\t\t\t<div class=\"elementor-element elementor-element-69635a9 elementor-widget__width-inherit elementor-widget elementor-widget-image\" data-id=\"69635a9\" data-element_type=\"widget\" data-widget_type=\"image.default\">\n\t\t\t\t\t\t\t\t\t\t\t\t\t\t\t<img fetchpriority=\"high\" decoding=\"async\" width=\"1280\" height=\"572\" src=\"https:\/\/investema.goldenlayers.com.br\/wp-content\/uploads\/2026\/01\/foto_da_equipe_1_1.webp\" class=\"attachment-full size-full wp-image-1913\" alt=\"\" srcset=\"https:\/\/investema.goldenlayers.com.br\/wp-content\/uploads\/2026\/01\/foto_da_equipe_1_1.webp 1280w, https:\/\/investema.goldenlayers.com.br\/wp-content\/uploads\/2026\/01\/foto_da_equipe_1_1-300x134.webp 300w, https:\/\/investema.goldenlayers.com.br\/wp-content\/uploads\/2026\/01\/foto_da_equipe_1_1-1024x458.webp 1024w, https:\/\/investema.goldenlayers.com.br\/wp-content\/uploads\/2026\/01\/foto_da_equipe_1_1-768x343.webp 768w\" sizes=\"(max-width: 1280px) 100vw, 1280px\" \/>\t\t\t\t\t\t\t\t\t\t\t\t\t\t\t<\/div>\n\t\t\t\t\t<\/div>\n\t\t\t\t<\/div>\n\t\t<div class=\"elementor-element elementor-element-23917f8 e-flex e-con-boxed e-con e-parent\" data-id=\"23917f8\" data-element_type=\"container\">\n\t\t\t\t\t<div class=\"e-con-inner\">\n\t\t\t\t<div class=\"elementor-element elementor-element-62eb784 elementor-invisible elementor-widget elementor-widget-heading\" data-id=\"62eb784\" data-element_type=\"widget\" data-settings=\"{&quot;_animation&quot;:&quot;fadeInUp&quot;}\" data-widget_type=\"heading.default\">\n\t\t\t\t\t<h2 class=\"elementor-heading-title elementor-size-default\">Identidade <b>organizacional<\/b><\/h2>\t\t\t\t<\/div>\n\t\t<div class=\"elementor-element elementor-element-c320fed e-grid e-con-full e-con e-child\" data-id=\"c320fed\" data-element_type=\"container\">\n\t\t<div class=\"elementor-element elementor-element-121fe9a e-con-full e-flex elementor-invisible e-con e-child\" data-id=\"121fe9a\" data-element_type=\"container\" data-settings=\"{&quot;background_background&quot;:&quot;classic&quot;,&quot;animation&quot;:&quot;fadeInUp&quot;}\">\n\t\t<div class=\"elementor-element elementor-element-9de5307 e-con-full comp-titulo e-flex e-con e-child\" data-id=\"9de5307\" data-element_type=\"container\">\n\t\t\t\t<div class=\"elementor-element elementor-element-fff1aae icone02 elementor-widget__width-initial elementor-view-framed elementor-shape-circle elementor-widget elementor-widget-icon\" data-id=\"fff1aae\" data-element_type=\"widget\" data-widget_type=\"icon.default\">\n\t\t\t\t\t\t\t<div class=\"elementor-icon-wrapper\">\n\t\t\t<div class=\"elementor-icon\">\n\t\t\t<i aria-hidden=\"true\" class=\"huge huge-flag-02\"><\/i>\t\t\t<\/div>\n\t\t<\/div>\n\t\t\t\t\t\t<\/div>\n\t\t\t\t<div class=\"elementor-element elementor-element-123f58e elementor-widget-mobile__width-initial elementor-widget__width-initial elementor-widget elementor-widget-heading\" data-id=\"123f58e\" data-element_type=\"widget\" data-widget_type=\"heading.default\">\n\t\t\t\t\t<h2 class=\"elementor-heading-title elementor-size-default\">Prop\u00f3sito<\/h2>\t\t\t\t<\/div>\n\t\t\t\t<\/div>\n\t\t<div class=\"elementor-element elementor-element-b7e010b e-con-full comp-titulo e-flex e-con e-child\" data-id=\"b7e010b\" data-element_type=\"container\">\n\t\t\t\t<div class=\"elementor-element elementor-element-a7bd5a0 elementor-widget-divider--view-line elementor-widget elementor-widget-divider\" data-id=\"a7bd5a0\" data-element_type=\"widget\" data-widget_type=\"divider.default\">\n\t\t\t\t\t\t\t<div class=\"elementor-divider\">\n\t\t\t<span class=\"elementor-divider-separator\">\n\t\t\t\t\t\t<\/span>\n\t\t<\/div>\n\t\t\t\t\t\t<\/div>\n\t\t\t\t<div class=\"elementor-element elementor-element-73bb50c elementor-widget elementor-widget-text-editor\" data-id=\"73bb50c\" data-element_type=\"widget\" data-widget_type=\"text-editor.default\">\n\t\t\t\t\t\t\t\t\t<p>Ser o catalisador de pol\u00edticas e a\u00e7\u00f5es que promovam o desenvolvimento econ\u00f4mico e social do Maranh\u00e3o, reduzindo desigualdades regionais.<\/p>\t\t\t\t\t\t\t\t<\/div>\n\t\t\t\t<\/div>\n\t\t\t\t<\/div>\n\t\t<div class=\"elementor-element elementor-element-da6b335 e-con-full e-flex elementor-invisible e-con e-child\" data-id=\"da6b335\" data-element_type=\"container\" data-settings=\"{&quot;background_background&quot;:&quot;classic&quot;,&quot;animation&quot;:&quot;fadeInUp&quot;,&quot;animation_delay&quot;:300}\">\n\t\t<div class=\"elementor-element elementor-element-3794faa e-con-full comp-titulo e-flex e-con e-child\" data-id=\"3794faa\" data-element_type=\"container\">\n\t\t\t\t<div class=\"elementor-element elementor-element-cef3824 icone02 elementor-widget__width-initial elementor-view-framed elementor-shape-circle elementor-widget elementor-widget-icon\" data-id=\"cef3824\" data-element_type=\"widget\" data-widget_type=\"icon.default\">\n\t\t\t\t\t\t\t<div class=\"elementor-icon-wrapper\">\n\t\t\t<div class=\"elementor-icon\">\n\t\t\t<i aria-hidden=\"true\" class=\"huge huge-target-01\"><\/i>\t\t\t<\/div>\n\t\t<\/div>\n\t\t\t\t\t\t<\/div>\n\t\t\t\t<div class=\"elementor-element elementor-element-0e916be elementor-widget-mobile__width-initial elementor-widget__width-initial elementor-widget elementor-widget-heading\" data-id=\"0e916be\" data-element_type=\"widget\" data-widget_type=\"heading.default\">\n\t\t\t\t\t<h2 class=\"elementor-heading-title elementor-size-default\">Miss\u00e3o<\/h2>\t\t\t\t<\/div>\n\t\t\t\t<\/div>\n\t\t<div class=\"elementor-element elementor-element-b2bd10e e-con-full comp-titulo e-flex e-con e-child\" data-id=\"b2bd10e\" data-element_type=\"container\">\n\t\t\t\t<div class=\"elementor-element elementor-element-48a1fde elementor-widget-divider--view-line elementor-widget elementor-widget-divider\" data-id=\"48a1fde\" data-element_type=\"widget\" data-widget_type=\"divider.default\">\n\t\t\t\t\t\t\t<div class=\"elementor-divider\">\n\t\t\t<span class=\"elementor-divider-separator\">\n\t\t\t\t\t\t<\/span>\n\t\t<\/div>\n\t\t\t\t\t\t<\/div>\n\t\t\t\t<div class=\"elementor-element elementor-element-e7deaa3 elementor-widget elementor-widget-text-editor\" data-id=\"e7deaa3\" data-element_type=\"widget\" data-widget_type=\"text-editor.default\">\n\t\t\t\t\t\t\t\t\t<p>Fortalecer a cultura exportadora, ampliar o equil\u00edbrio da balan\u00e7a comercial e impulsionar o crescimento sustent\u00e1vel do estado.<\/p>\t\t\t\t\t\t\t\t<\/div>\n\t\t\t\t<\/div>\n\t\t\t\t<\/div>\n\t\t<div class=\"elementor-element elementor-element-c0eedad e-con-full e-flex elementor-invisible e-con e-child\" data-id=\"c0eedad\" data-element_type=\"container\" data-settings=\"{&quot;background_background&quot;:&quot;classic&quot;,&quot;animation&quot;:&quot;fadeInUp&quot;,&quot;animation_delay&quot;:600}\">\n\t\t<div class=\"elementor-element elementor-element-1eec4f3 e-con-full comp-titulo e-flex e-con e-child\" data-id=\"1eec4f3\" data-element_type=\"container\">\n\t\t\t\t<div class=\"elementor-element elementor-element-e1b9813 icone02 elementor-widget__width-initial elementor-view-framed elementor-shape-circle elementor-widget elementor-widget-icon\" data-id=\"e1b9813\" data-element_type=\"widget\" data-widget_type=\"icon.default\">\n\t\t\t\t\t\t\t<div class=\"elementor-icon-wrapper\">\n\t\t\t<div class=\"elementor-icon\">\n\t\t\t<i aria-hidden=\"true\" class=\"huge huge-vision\"><\/i>\t\t\t<\/div>\n\t\t<\/div>\n\t\t\t\t\t\t<\/div>\n\t\t\t\t<div class=\"elementor-element elementor-element-228165b elementor-widget-mobile__width-initial elementor-widget__width-initial elementor-widget elementor-widget-heading\" data-id=\"228165b\" data-element_type=\"widget\" data-widget_type=\"heading.default\">\n\t\t\t\t\t<h2 class=\"elementor-heading-title elementor-size-default\">Vis\u00e3o<\/h2>\t\t\t\t<\/div>\n\t\t\t\t<\/div>\n\t\t<div class=\"elementor-element elementor-element-498e391 e-con-full comp-titulo e-flex e-con e-child\" data-id=\"498e391\" data-element_type=\"container\">\n\t\t\t\t<div class=\"elementor-element elementor-element-1532c8f elementor-widget-divider--view-line elementor-widget elementor-widget-divider\" data-id=\"1532c8f\" data-element_type=\"widget\" data-widget_type=\"divider.default\">\n\t\t\t\t\t\t\t<div class=\"elementor-divider\">\n\t\t\t<span class=\"elementor-divider-separator\">\n\t\t\t\t\t\t<\/span>\n\t\t<\/div>\n\t\t\t\t\t\t<\/div>\n\t\t\t\t<div class=\"elementor-element elementor-element-a82837e elementor-widget elementor-widget-text-editor\" data-id=\"a82837e\" data-element_type=\"widget\" data-widget_type=\"text-editor.default\">\n\t\t\t\t\t\t\t\t\t<p>Ser reconhecida como uma ag\u00eancia de refer\u00eancia nacional em atra\u00e7\u00e3o de investimentos e suporte \u00e0 instala\u00e7\u00e3o de empreendimentos estrat\u00e9gicos.<\/p>\t\t\t\t\t\t\t\t<\/div>\n\t\t\t\t<\/div>\n\t\t\t\t<\/div>\n\t\t\t\t<\/div>\n\t\t\t\t\t<\/div>\n\t\t\t\t<\/div>\n\t\t<div class=\"elementor-element elementor-element-eac8255 e-flex e-con-boxed e-con e-parent\" data-id=\"eac8255\" data-element_type=\"container\" data-settings=\"{&quot;background_background&quot;:&quot;classic&quot;}\">\n\t\t\t\t\t<div class=\"e-con-inner\">\n\t\t<div class=\"elementor-element elementor-element-0658ea1 e-con-full e-flex e-con e-child\" data-id=\"0658ea1\" data-element_type=\"container\">\n\t\t\t\t<div class=\"elementor-element elementor-element-3b385ba elementor-invisible elementor-widget elementor-widget-heading\" data-id=\"3b385ba\" data-element_type=\"widget\" data-settings=\"{&quot;_animation&quot;:&quot;fadeInUp&quot;}\" data-widget_type=\"heading.default\">\n\t\t\t\t\t<h2 class=\"elementor-heading-title elementor-size-default\">Nossos <b>valores <\/b><\/h2>\t\t\t\t<\/div>\n\t\t<div class=\"elementor-element elementor-element-138599d e-con-full e-grid e-con e-child\" data-id=\"138599d\" data-element_type=\"container\">\n\t\t<div class=\"elementor-element elementor-element-94b1f67 e-con-full boxpai e-flex elementor-invisible e-con e-child\" data-id=\"94b1f67\" data-element_type=\"container\" data-settings=\"{&quot;animation&quot;:&quot;fadeInUp&quot;}\">\n\t\t\t\t<div class=\"elementor-element elementor-element-9480dc2 elementor-widget elementor-widget-heading\" data-id=\"9480dc2\" data-element_type=\"widget\" data-widget_type=\"heading.default\">\n\t\t\t\t\t<h2 class=\"elementor-heading-title elementor-size-default\">Comprometimento com o desenvolvimento.\n<\/h2>\t\t\t\t<\/div>\n\t\t\t\t<\/div>\n\t\t<div class=\"elementor-element elementor-element-b4773c6 e-con-full boxpai e-flex elementor-invisible e-con e-child\" data-id=\"b4773c6\" data-element_type=\"container\" data-settings=\"{&quot;animation&quot;:&quot;fadeInUp&quot;}\">\n\t\t\t\t<div class=\"elementor-element elementor-element-b774a2f elementor-widget elementor-widget-heading\" data-id=\"b774a2f\" data-element_type=\"widget\" data-widget_type=\"heading.default\">\n\t\t\t\t\t<h2 class=\"elementor-heading-title elementor-size-default\">Melhoria do ambiente de neg\u00f3cios.\n<\/h2>\t\t\t\t<\/div>\n\t\t\t\t<\/div>\n\t\t<div class=\"elementor-element elementor-element-16aeca7 e-con-full boxpai e-flex elementor-invisible e-con e-child\" data-id=\"16aeca7\" data-element_type=\"container\" data-settings=\"{&quot;animation&quot;:&quot;fadeInUp&quot;}\">\n\t\t\t\t<div class=\"elementor-element elementor-element-636f41a elementor-widget elementor-widget-heading\" data-id=\"636f41a\" data-element_type=\"widget\" data-widget_type=\"heading.default\">\n\t\t\t\t\t<h2 class=\"elementor-heading-title elementor-size-default\">\u00c9tica, integridade e responsabilidade socioambiental em cada a\u00e7\u00e3o.<\/h2>\t\t\t\t<\/div>\n\t\t\t\t<\/div>\n\t\t\t\t<\/div>\n\t\t\t\t<\/div>\n\t\t\t\t\t<\/div>\n\t\t\t\t<\/div>\n\t\t\t\t<\/div>\n\t\t","protected":false},"excerpt":{"rendered":"<p>A Investe Maranh\u00e3o \u00e9 Ag\u00eancia de Desenvolvimento do Estado do Maranh\u00e3o respons\u00e1vel por atrair investimentos, estabelecer neg\u00f3cios e impulsionar o desenvolvimento econ\u00f4mico regional, promovendo gera\u00e7\u00e3o de emprego, renda e qualidade de vida. Identidade organizacional Prop\u00f3sito Ser o catalisador de pol\u00edticas e a\u00e7\u00f5es que promovam o desenvolvimento econ\u00f4mico e social do Maranh\u00e3o, reduzindo desigualdades regionais. Miss\u00e3o [&hellip;]<\/p>\n","protected":false},"author":1,"featured_media":0,"parent":0,"menu_order":0,"comment_status":"closed","ping_status":"closed","template":"","meta":{"_acf_changed":false,"footnotes":""},"class_list":["post-1820","page","type-page","status-publish","hentry"],"acf":[],"yoast_head":"<!-- This site is optimized with the Yoast SEO plugin v26.7 - https:\/\/yoast.com\/wordpress\/plugins\/seo\/ -->\n<title>A investe Maranh\u00e3o - investema<\/title>\n<meta name=\"robots\" content=\"index, follow, max-snippet:-1, max-image-preview:large, max-video-preview:-1\" \/>\n<link rel=\"canonical\" href=\"https:\/\/investema.goldenlayers.com.br\/index.php\/a-investe-maranhao\/\" \/>\n<meta property=\"og:locale\" content=\"pt_BR\" \/>\n<meta property=\"og:type\" content=\"article\" \/>\n<meta property=\"og:title\" content=\"A investe Maranh\u00e3o - investema\" \/>\n<meta property=\"og:description\" content=\"A Investe Maranh\u00e3o \u00e9 Ag\u00eancia de Desenvolvimento do Estado do Maranh\u00e3o respons\u00e1vel por atrair investimentos, estabelecer neg\u00f3cios e impulsionar o desenvolvimento econ\u00f4mico regional, promovendo gera\u00e7\u00e3o de emprego, renda e qualidade de vida. Identidade organizacional Prop\u00f3sito Ser o catalisador de pol\u00edticas e a\u00e7\u00f5es que promovam o desenvolvimento econ\u00f4mico e social do Maranh\u00e3o, reduzindo desigualdades regionais. Miss\u00e3o [&hellip;]\" \/>\n<meta property=\"og:url\" content=\"https:\/\/investema.goldenlayers.com.br\/index.php\/a-investe-maranhao\/\" \/>\n<meta property=\"og:site_name\" content=\"investema\" \/>\n<meta property=\"article:modified_time\" content=\"2026-01-15T23:03:51+00:00\" \/>\n<meta property=\"og:image\" content=\"https:\/\/investema.goldenlayers.com.br\/wp-content\/uploads\/2026\/01\/foto_da_equipe_1_1.webp\" \/>\n\t<meta property=\"og:image:width\" content=\"1280\" \/>\n\t<meta property=\"og:image:height\" content=\"572\" \/>\n\t<meta property=\"og:image:type\" content=\"image\/webp\" \/>\n<meta name=\"twitter:card\" content=\"summary_large_image\" \/>\n<meta name=\"twitter:label1\" content=\"Est. tempo de leitura\" \/>\n\t<meta name=\"twitter:data1\" content=\"2 minutos\" \/>\n<script type=\"application\/ld+json\" class=\"yoast-schema-graph\">{\"@context\":\"https:\/\/schema.org\",\"@graph\":[{\"@type\":\"WebPage\",\"@id\":\"https:\/\/investema.goldenlayers.com.br\/index.php\/a-investe-maranhao\/\",\"url\":\"https:\/\/investema.goldenlayers.com.br\/index.php\/a-investe-maranhao\/\",\"name\":\"A investe Maranh\u00e3o - investema\",\"isPartOf\":{\"@id\":\"https:\/\/investema.goldenlayers.com.br\/#website\"},\"primaryImageOfPage\":{\"@id\":\"https:\/\/investema.goldenlayers.com.br\/index.php\/a-investe-maranhao\/#primaryimage\"},\"image\":{\"@id\":\"https:\/\/investema.goldenlayers.com.br\/index.php\/a-investe-maranhao\/#primaryimage\"},\"thumbnailUrl\":\"https:\/\/investema.goldenlayers.com.br\/wp-content\/uploads\/2026\/01\/foto_da_equipe_1_1.webp\",\"datePublished\":\"2026-01-15T03:45:21+00:00\",\"dateModified\":\"2026-01-15T23:03:51+00:00\",\"breadcrumb\":{\"@id\":\"https:\/\/investema.goldenlayers.com.br\/index.php\/a-investe-maranhao\/#breadcrumb\"},\"inLanguage\":\"pt-BR\",\"potentialAction\":[{\"@type\":\"ReadAction\",\"target\":[\"https:\/\/investema.goldenlayers.com.br\/index.php\/a-investe-maranhao\/\"]}]},{\"@type\":\"ImageObject\",\"inLanguage\":\"pt-BR\",\"@id\":\"https:\/\/investema.goldenlayers.com.br\/index.php\/a-investe-maranhao\/#primaryimage\",\"url\":\"https:\/\/investema.goldenlayers.com.br\/wp-content\/uploads\/2026\/01\/foto_da_equipe_1_1.webp\",\"contentUrl\":\"https:\/\/investema.goldenlayers.com.br\/wp-content\/uploads\/2026\/01\/foto_da_equipe_1_1.webp\",\"width\":1280,\"height\":572},{\"@type\":\"BreadcrumbList\",\"@id\":\"https:\/\/investema.goldenlayers.com.br\/index.php\/a-investe-maranhao\/#breadcrumb\",\"itemListElement\":[{\"@type\":\"ListItem\",\"position\":1,\"name\":\"Home\",\"item\":\"https:\/\/investema.goldenlayers.com.br\/\"},{\"@type\":\"ListItem\",\"position\":2,\"name\":\"A investe Maranh\u00e3o\"}]},{\"@type\":\"WebSite\",\"@id\":\"https:\/\/investema.goldenlayers.com.br\/#website\",\"url\":\"https:\/\/investema.goldenlayers.com.br\/\",\"name\":\"investema\",\"description\":\"\",\"publisher\":{\"@id\":\"https:\/\/investema.goldenlayers.com.br\/#organization\"},\"potentialAction\":[{\"@type\":\"SearchAction\",\"target\":{\"@type\":\"EntryPoint\",\"urlTemplate\":\"https:\/\/investema.goldenlayers.com.br\/?s={search_term_string}\"},\"query-input\":{\"@type\":\"PropertyValueSpecification\",\"valueRequired\":true,\"valueName\":\"search_term_string\"}}],\"inLanguage\":\"pt-BR\"},{\"@type\":\"Organization\",\"@id\":\"https:\/\/investema.goldenlayers.com.br\/#organization\",\"name\":\"investema\",\"url\":\"https:\/\/investema.goldenlayers.com.br\/\",\"logo\":{\"@type\":\"ImageObject\",\"inLanguage\":\"pt-BR\",\"@id\":\"https:\/\/investema.goldenlayers.com.br\/#\/schema\/logo\/image\/\",\"url\":\"https:\/\/investema.goldenlayers.com.br\/wp-content\/uploads\/2025\/11\/Logo-colorida-horizontal.png\",\"contentUrl\":\"https:\/\/investema.goldenlayers.com.br\/wp-content\/uploads\/2025\/11\/Logo-colorida-horizontal.png\",\"width\":2325,\"height\":722,\"caption\":\"investema\"},\"image\":{\"@id\":\"https:\/\/investema.goldenlayers.com.br\/#\/schema\/logo\/image\/\"}}]}<\/script>\n<!-- \/ Yoast SEO plugin. -->","yoast_head_json":{"title":"A investe Maranh\u00e3o - investema","robots":{"index":"index","follow":"follow","max-snippet":"max-snippet:-1","max-image-preview":"max-image-preview:large","max-video-preview":"max-video-preview:-1"},"canonical":"https:\/\/investema.goldenlayers.com.br\/index.php\/a-investe-maranhao\/","og_locale":"pt_BR","og_type":"article","og_title":"A investe Maranh\u00e3o - investema","og_description":"A Investe Maranh\u00e3o \u00e9 Ag\u00eancia de Desenvolvimento do Estado do Maranh\u00e3o respons\u00e1vel por atrair investimentos, estabelecer neg\u00f3cios e impulsionar o desenvolvimento econ\u00f4mico regional, promovendo gera\u00e7\u00e3o de emprego, renda e qualidade de vida. Identidade organizacional Prop\u00f3sito Ser o catalisador de pol\u00edticas e a\u00e7\u00f5es que promovam o desenvolvimento econ\u00f4mico e social do Maranh\u00e3o, reduzindo desigualdades regionais. Miss\u00e3o [&hellip;]","og_url":"https:\/\/investema.goldenlayers.com.br\/index.php\/a-investe-maranhao\/","og_site_name":"investema","article_modified_time":"2026-01-15T23:03:51+00:00","og_image":[{"width":1280,"height":572,"url":"https:\/\/investema.goldenlayers.com.br\/wp-content\/uploads\/2026\/01\/foto_da_equipe_1_1.webp","type":"image\/webp"}],"twitter_card":"summary_large_image","twitter_misc":{"Est. tempo de leitura":"2 minutos"},"schema":{"@context":"https:\/\/schema.org","@graph":[{"@type":"WebPage","@id":"https:\/\/investema.goldenlayers.com.br\/index.php\/a-investe-maranhao\/","url":"https:\/\/investema.goldenlayers.com.br\/index.php\/a-investe-maranhao\/","name":"A investe Maranh\u00e3o - investema","isPartOf":{"@id":"https:\/\/investema.goldenlayers.com.br\/#website"},"primaryImageOfPage":{"@id":"https:\/\/investema.goldenlayers.com.br\/index.php\/a-investe-maranhao\/#primaryimage"},"image":{"@id":"https:\/\/investema.goldenlayers.com.br\/index.php\/a-investe-maranhao\/#primaryimage"},"thumbnailUrl":"https:\/\/investema.goldenlayers.com.br\/wp-content\/uploads\/2026\/01\/foto_da_equipe_1_1.webp","datePublished":"2026-01-15T03:45:21+00:00","dateModified":"2026-01-15T23:03:51+00:00","breadcrumb":{"@id":"https:\/\/investema.goldenlayers.com.br\/index.php\/a-investe-maranhao\/#breadcrumb"},"inLanguage":"pt-BR","potentialAction":[{"@type":"ReadAction","target":["https:\/\/investema.goldenlayers.com.br\/index.php\/a-investe-maranhao\/"]}]},{"@type":"ImageObject","inLanguage":"pt-BR","@id":"https:\/\/investema.goldenlayers.com.br\/index.php\/a-investe-maranhao\/#primaryimage","url":"https:\/\/investema.goldenlayers.com.br\/wp-content\/uploads\/2026\/01\/foto_da_equipe_1_1.webp","contentUrl":"https:\/\/investema.goldenlayers.com.br\/wp-content\/uploads\/2026\/01\/foto_da_equipe_1_1.webp","width":1280,"height":572},{"@type":"BreadcrumbList","@id":"https:\/\/investema.goldenlayers.com.br\/index.php\/a-investe-maranhao\/#breadcrumb","itemListElement":[{"@type":"ListItem","position":1,"name":"Home","item":"https:\/\/investema.goldenlayers.com.br\/"},{"@type":"ListItem","position":2,"name":"A investe Maranh\u00e3o"}]},{"@type":"WebSite","@id":"https:\/\/investema.goldenlayers.com.br\/#website","url":"https:\/\/investema.goldenlayers.com.br\/","name":"investema","description":"","publisher":{"@id":"https:\/\/investema.goldenlayers.com.br\/#organization"},"potentialAction":[{"@type":"SearchAction","target":{"@type":"EntryPoint","urlTemplate":"https:\/\/investema.goldenlayers.com.br\/?s={search_term_string}"},"query-input":{"@type":"PropertyValueSpecification","valueRequired":true,"valueName":"search_term_string"}}],"inLanguage":"pt-BR"},{"@type":"Organization","@id":"https:\/\/investema.goldenlayers.com.br\/#organization","name":"investema","url":"https:\/\/investema.goldenlayers.com.br\/","logo":{"@type":"ImageObject","inLanguage":"pt-BR","@id":"https:\/\/investema.goldenlayers.com.br\/#\/schema\/logo\/image\/","url":"https:\/\/investema.goldenlayers.com.br\/wp-content\/uploads\/2025\/11\/Logo-colorida-horizontal.png","contentUrl":"https:\/\/investema.goldenlayers.com.br\/wp-content\/uploads\/2025\/11\/Logo-colorida-horizontal.png","width":2325,"height":722,"caption":"investema"},"image":{"@id":"https:\/\/investema.goldenlayers.com.br\/#\/schema\/logo\/image\/"}}]}},"_links":{"self":[{"href":"https:\/\/investema.goldenlayers.com.br\/index.php\/wp-json\/wp\/v2\/pages\/1820","targetHints":{"allow":["GET"]}}],"collection":[{"href":"https:\/\/investema.goldenlayers.com.br\/index.php\/wp-json\/wp\/v2\/pages"}],"about":[{"href":"https:\/\/investema.goldenlayers.com.br\/index.php\/wp-json\/wp\/v2\/types\/page"}],"author":[{"embeddable":true,"href":"https:\/\/investema.goldenlayers.com.br\/index.php\/wp-json\/wp\/v2\/users\/1"}],"replies":[{"embeddable":true,"href":"https:\/\/investema.goldenlayers.com.br\/index.php\/wp-json\/wp\/v2\/comments?post=1820"}],"version-history":[{"count":47,"href":"https:\/\/investema.goldenlayers.com.br\/index.php\/wp-json\/wp\/v2\/pages\/1820\/revisions"}],"predecessor-version":[{"id":2069,"href":"https:\/\/investema.goldenlayers.com.br\/index.php\/wp-json\/wp\/v2\/pages\/1820\/revisions\/2069"}],"wp:attachment":[{"href":"https:\/\/investema.goldenlayers.com.br\/index.php\/wp-json\/wp\/v2\/media?parent=1820"}],"curies":[{"name":"wp","href":"https:\/\/api.w.org\/{rel}","templated":true}]}}