{"id":1951,"date":"2026-01-15T17:34:12","date_gmt":"2026-01-15T20:34:12","guid":{"rendered":"https:\/\/investema.goldenlayers.com.br\/?page_id=1951"},"modified":"2026-01-15T19:16:58","modified_gmt":"2026-01-15T22:16:58","slug":"links-uteis","status":"publish","type":"page","link":"https:\/\/investema.goldenlayers.com.br\/index.php\/links-uteis\/","title":{"rendered":"Links \u00fateis"},"content":{"rendered":"\t\t<div data-elementor-type=\"wp-page\" data-elementor-id=\"1951\" class=\"elementor elementor-1951\" data-elementor-post-type=\"page\">\n\t\t\t\t<div class=\"elementor-element elementor-element-4309302 hero-slider-target e-flex e-con-boxed e-con e-parent\" data-id=\"4309302\" data-element_type=\"container\">\n\t\t\t\t\t<div class=\"e-con-inner\">\n\t\t<div class=\"elementor-element elementor-element-40fa81f e-con-full e-flex e-con e-child\" data-id=\"40fa81f\" data-element_type=\"container\">\n\t\t\t\t<div class=\"elementor-element elementor-element-3e2c027 elementor-invisible elementor-widget elementor-widget-heading\" data-id=\"3e2c027\" data-element_type=\"widget\" data-settings=\"{&quot;_animation&quot;:&quot;fadeInUp&quot;}\" data-widget_type=\"heading.default\">\n\t\t\t\t\t<h1 class=\"elementor-heading-title elementor-size-default\">Links \u00fateis<\/h1>\t\t\t\t<\/div>\n\t\t\t\t<\/div>\n\t\t\t\t\t<\/div>\n\t\t\t\t<\/div>\n\t\t<div class=\"elementor-element elementor-element-8e5b3c1 e-flex e-con-boxed e-con e-parent\" data-id=\"8e5b3c1\" data-element_type=\"container\">\n\t\t\t\t\t<div class=\"e-con-inner\">\n\t\t\t\t<div class=\"elementor-element elementor-element-7c99a22 links-fade-up elementor-widget elementor-widget-text-editor\" data-id=\"7c99a22\" data-element_type=\"widget\" data-widget_type=\"text-editor.default\">\n\t\t\t\t\t\t\t\t\t<div><p><strong>Governo do Maranh\u00e3o<\/strong><\/p><p><a href=\"https:\/\/www.ma.gov.br\" target=\"_blank\" rel=\"noopener\">www.ma.gov.br<\/a><\/p><p>\u00a0<\/p><p><strong>Secretarias e \u00d3rg\u00e3os Estaduais<\/strong><\/p><p>SEDEPE \u2014 Secretaria de Estado de Desenvolvimento Econ\u00f4mico e Programas Estrat\u00e9gicos<br \/><a href=\"https:\/\/sedepe.ma.gov.br\/\" target=\"_blank\" rel=\"noopener\">sedepe.ma.gov.br<\/a><\/p><p>SEINC \u2014 Secretaria de Estado de Ind\u00fastria e Com\u00e9rcio<br \/><a href=\"https:\/\/seinc.ma.gov.br\/\" target=\"_blank\" rel=\"noopener\">seinc.ma.gov.br<\/a><\/p><p>SEMA \u2014 Secretaria de Estado do Meio Ambiente e Recursos Naturais<br \/><a href=\"https:\/\/www.sema.ma.gov.br\/\" target=\"_blank\" rel=\"noopener\">sema.ma.gov.br<\/a><\/p><p>SECTI \u2014 Secretaria de Estado da Ci\u00eancia, Tecnologia e Inova\u00e7\u00e3o<br \/><a href=\"https:\/\/www.secti.ma.gov.br\/\" target=\"_blank\" rel=\"noopener\">secti.ma.gov.br<\/a><\/p><p>JUCEMA \u2014 Junta Comercial do Estado do Maranh\u00e3o<br \/><a href=\"http:\/\/portal.jucema.ma.gov.br\/\" target=\"_blank\" rel=\"noopener\">jucema.ma.gov.br<\/a><\/p><p>IMESC \u2014 Instituto Maranhense de Estudos Socioecon\u00f4micos e Cartogr\u00e1ficos<br \/><a href=\"https:\/\/www.instagram.com\/imesc.ma\/\" target=\"_blank\" rel=\"noopener\">instagram.com\/imesc.ma<\/a><\/p><p>SAGRIMA \u2014 Secretaria de Estado da Agricultura e Pecu\u00e1ria<br \/><a href=\"https:\/\/www.sagrima.ma.gov.br\/\" target=\"_blank\" rel=\"noopener\">sagrima.ma.gov.br<\/a><\/p><p>AGED \u2014 Ag\u00eancia Estadual de Defesa Agropecu\u00e1ria<br \/><a href=\"https:\/\/aged.ma.gov.br\/\" target=\"_blank\" rel=\"noopener\">aged.ma.gov.br<\/a><\/p><p>\u00a0<\/p><p><strong>Educa\u00e7\u00e3o, Ci\u00eancia e Pesquisa<\/strong><\/p><p>UFMA \u2014 Universidade Federal do Maranh\u00e3o<br \/><a href=\"https:\/\/portalpadrao.ufma.br\/\" target=\"_blank\" rel=\"noopener\">ufma.br<\/a><\/p><p>UEMA \u2014 Universidade Estadual do Maranh\u00e3o<br \/><a href=\"https:\/\/www.uema.br\/\" target=\"_blank\" rel=\"noopener\">uema.br<\/a><\/p><p>IEMA \u2014 Instituto Estadual de Educa\u00e7\u00e3o, Ci\u00eancia e Tecnologia<br \/><a href=\"https:\/\/iema.ma.gov.br\/\" target=\"_blank\" rel=\"noopener\">iema.ma.gov.br<\/a><\/p><p>FAPEMA \u2014 Funda\u00e7\u00e3o de Amparo \u00e0 Pesquisa do Maranh\u00e3o<br \/><a href=\"https:\/\/www.fapema.br\/\" target=\"_blank\" rel=\"noopener\">fapema.br<\/a><\/p><p>\u00a0<\/p><p><strong>Entidades Empresariais<\/strong><\/p><p>FIEMA \u2014 Federa\u00e7\u00e3o das Ind\u00fastrias do Maranh\u00e3o<br \/><a href=\"https:\/\/www.fiema.org.br\/\" target=\"_blank\" rel=\"noopener\">fiema.org.br<\/a><\/p><p>FCDL Maranh\u00e3o \u2014 Federa\u00e7\u00e3o das C\u00e2maras de Dirigentes Lojistas<br \/><a href=\"https:\/\/fcdlma.cdls.org.br\/\" target=\"_blank\" rel=\"noopener\">fcdlma.cdls.org.br<\/a><\/p><p>\u00a0<\/p><p><strong>Associa\u00e7\u00f5es Comerciais<\/strong><\/p><p>ACM \u2014 Associa\u00e7\u00e3o Comercial do Maranh\u00e3o<br \/><a href=\"https:\/\/www.acm-ma.com.br\/\" target=\"_blank\" rel=\"noopener\">acm-ma.com.br<\/a><\/p><p>ACII \u2014 Associa\u00e7\u00e3o Comercial, Industrial e de Servi\u00e7os de Imperatriz<br \/><a href=\"https:\/\/www.aciima.com.br\/\" target=\"_blank\" rel=\"noopener\">aciima.com.br<\/a><\/p><p>ACIB \u2014 Associa\u00e7\u00e3o Comercial e Industrial de Balsas<br \/><a href=\"https:\/\/www.instagram.com\/acibalsas\/\" target=\"_blank\" rel=\"noopener\">instagram.com\/acibalsas<\/a><\/p><p>ACAIBC \u2014 Associa\u00e7\u00e3o Comercial, Agr\u00edcola e Industrial de Barra do Corda<br \/><a href=\"https:\/\/www.instagram.com\/acaibcma\/\" target=\"_blank\" rel=\"noopener\">instagram.com\/acaibcma<\/a><\/p><p>\u00a0<\/p><p><strong>Log\u00edstica e Infraestrutura<\/strong><\/p><p>ONTL \u2014 Observat\u00f3rio Nacional de Transporte e Log\u00edstica (GeoPortal)<br \/><a href=\"https:\/\/geoportal.infrasa.gov.br\/ontl\/\" target=\"_blank\" rel=\"noopener\">geoportal.infrasa.gov.br\/ontl<\/a><\/p><\/div>\t\t\t\t\t\t\t\t<\/div>\n\t\t\t\t<div class=\"elementor-element elementor-element-0c39653 elementor-widget elementor-widget-html\" data-id=\"0c39653\" data-element_type=\"widget\" data-widget_type=\"html.default\">\n\t\t\t\t\t<!-- GSAP -->\r\n<script src=\"https:\/\/cdnjs.cloudflare.com\/ajax\/libs\/gsap\/3.12.2\/gsap.min.js\"><\/script>\r\n<script src=\"https:\/\/cdnjs.cloudflare.com\/ajax\/libs\/gsap\/3.12.2\/ScrollTrigger.min.js\"><\/script>\r\n\r\n<style>\r\n\/* ================================\r\n   ESTILO DOS T\u00cdTULOS\r\n   ================================ *\/\r\n.links-fade-up strong{\r\n    display:block;\r\n    font-size:20px;\r\n    color:#0145A8;\r\n    padding-bottom:6px;\r\n    margin-bottom:10px;\r\n    border-bottom:1px solid #ccc;\r\n}\r\n\r\n\/* ================================\r\n   LINKS\r\n   ================================ *\/\r\n.links-fade-up a{\r\n    color:#EE9521;\r\n    text-decoration:none;\r\n}\r\n.links-fade-up a:hover{\r\n    text-decoration:underline;\r\n}\r\n\r\n\/* ================================\r\n   VIS\u00cdVEL NO EDITOR\r\n   ================================ *\/\r\n.links-fade-up p{\r\n    opacity:1;\r\n    transform:none;\r\n}\r\n\r\n\/* ================================\r\n   OCULTO S\u00d3 NO FRONT-END\r\n   ================================ *\/\r\n.elementor-frontend .links-fade-up p{\r\n    opacity:0;\r\n    transform:translateY(30px);\r\n    will-change:transform, opacity;\r\n}\r\n\r\n\r\n<\/style>\r\n\r\n<script>\r\n\/* ======================================\r\n   GSAP SCROLL FADE UP \u2014 ROBUSTO\r\n   ====================================== *\/\r\nwindow.addEventListener(\"load\", function () {\r\n\r\n    gsap.registerPlugin(ScrollTrigger);\r\n\r\n    document.querySelectorAll(\".links-fade-up\").forEach(widget => {\r\n\r\n        widget.querySelectorAll(\"p\").forEach(el => {\r\n\r\n            gsap.fromTo(el,\r\n                { opacity: 0, y: 30 },\r\n                {\r\n                    opacity: 1,\r\n                    y: 0,\r\n                    duration: 0.6,\r\n                    ease: \"power2.out\",\r\n                    scrollTrigger: {\r\n                        trigger: el,\r\n                        start: \"top 85%\",\r\n                        toggleActions: \"play none none none\"\r\n                    }\r\n                }\r\n            );\r\n\r\n        });\r\n\r\n    });\r\n\r\n});\r\n<\/script>\r\n\t\t\t\t<\/div>\n\t\t\t\t\t<\/div>\n\t\t\t\t<\/div>\n\t\t\t\t<\/div>\n\t\t","protected":false},"excerpt":{"rendered":"<p>Governo do Maranh\u00e3o www.ma.gov.br \u00a0 Secretarias e \u00d3rg\u00e3os Estaduais SEDEPE \u2014 Secretaria de Estado de Desenvolvimento Econ\u00f4mico e Programas Estrat\u00e9gicossedepe.ma.gov.br SEINC \u2014 Secretaria de Estado de Ind\u00fastria e Com\u00e9rcioseinc.ma.gov.br SEMA \u2014 Secretaria de Estado do Meio Ambiente e Recursos Naturaissema.ma.gov.br SECTI \u2014 Secretaria de Estado da Ci\u00eancia, Tecnologia e Inova\u00e7\u00e3osecti.ma.gov.br JUCEMA \u2014 Junta Comercial do [&hellip;]<\/p>\n","protected":false},"author":1,"featured_media":0,"parent":0,"menu_order":0,"comment_status":"closed","ping_status":"closed","template":"","meta":{"_acf_changed":false,"footnotes":""},"class_list":["post-1951","page","type-page","status-publish","hentry"],"acf":[],"yoast_head":"<!-- This site is optimized with the Yoast SEO plugin v26.7 - https:\/\/yoast.com\/wordpress\/plugins\/seo\/ -->\n<title>Links \u00fateis - investema<\/title>\n<meta name=\"robots\" content=\"index, follow, max-snippet:-1, max-image-preview:large, max-video-preview:-1\" \/>\n<link rel=\"canonical\" href=\"https:\/\/investema.goldenlayers.com.br\/index.php\/links-uteis\/\" \/>\n<meta property=\"og:locale\" content=\"pt_BR\" \/>\n<meta property=\"og:type\" content=\"article\" \/>\n<meta property=\"og:title\" content=\"Links \u00fateis - investema\" \/>\n<meta property=\"og:description\" content=\"Governo do Maranh\u00e3o www.ma.gov.br \u00a0 Secretarias e \u00d3rg\u00e3os Estaduais SEDEPE \u2014 Secretaria de Estado de Desenvolvimento Econ\u00f4mico e Programas Estrat\u00e9gicossedepe.ma.gov.br SEINC \u2014 Secretaria de Estado de Ind\u00fastria e Com\u00e9rcioseinc.ma.gov.br SEMA \u2014 Secretaria de Estado do Meio Ambiente e Recursos Naturaissema.ma.gov.br SECTI \u2014 Secretaria de Estado da Ci\u00eancia, Tecnologia e Inova\u00e7\u00e3osecti.ma.gov.br JUCEMA \u2014 Junta Comercial do [&hellip;]\" \/>\n<meta property=\"og:url\" content=\"https:\/\/investema.goldenlayers.com.br\/index.php\/links-uteis\/\" \/>\n<meta property=\"og:site_name\" content=\"investema\" \/>\n<meta property=\"article:modified_time\" content=\"2026-01-15T22:16:58+00:00\" \/>\n<meta name=\"twitter:card\" content=\"summary_large_image\" \/>\n<meta name=\"twitter:label1\" content=\"Est. tempo de leitura\" \/>\n\t<meta name=\"twitter:data1\" content=\"2 minutos\" \/>\n<script type=\"application\/ld+json\" class=\"yoast-schema-graph\">{\"@context\":\"https:\/\/schema.org\",\"@graph\":[{\"@type\":\"WebPage\",\"@id\":\"https:\/\/investema.goldenlayers.com.br\/index.php\/links-uteis\/\",\"url\":\"https:\/\/investema.goldenlayers.com.br\/index.php\/links-uteis\/\",\"name\":\"Links \u00fateis - investema\",\"isPartOf\":{\"@id\":\"https:\/\/investema.goldenlayers.com.br\/#website\"},\"datePublished\":\"2026-01-15T20:34:12+00:00\",\"dateModified\":\"2026-01-15T22:16:58+00:00\",\"breadcrumb\":{\"@id\":\"https:\/\/investema.goldenlayers.com.br\/index.php\/links-uteis\/#breadcrumb\"},\"inLanguage\":\"pt-BR\",\"potentialAction\":[{\"@type\":\"ReadAction\",\"target\":[\"https:\/\/investema.goldenlayers.com.br\/index.php\/links-uteis\/\"]}]},{\"@type\":\"BreadcrumbList\",\"@id\":\"https:\/\/investema.goldenlayers.com.br\/index.php\/links-uteis\/#breadcrumb\",\"itemListElement\":[{\"@type\":\"ListItem\",\"position\":1,\"name\":\"Home\",\"item\":\"https:\/\/investema.goldenlayers.com.br\/\"},{\"@type\":\"ListItem\",\"position\":2,\"name\":\"Links \u00fateis\"}]},{\"@type\":\"WebSite\",\"@id\":\"https:\/\/investema.goldenlayers.com.br\/#website\",\"url\":\"https:\/\/investema.goldenlayers.com.br\/\",\"name\":\"investema\",\"description\":\"\",\"publisher\":{\"@id\":\"https:\/\/investema.goldenlayers.com.br\/#organization\"},\"potentialAction\":[{\"@type\":\"SearchAction\",\"target\":{\"@type\":\"EntryPoint\",\"urlTemplate\":\"https:\/\/investema.goldenlayers.com.br\/?s={search_term_string}\"},\"query-input\":{\"@type\":\"PropertyValueSpecification\",\"valueRequired\":true,\"valueName\":\"search_term_string\"}}],\"inLanguage\":\"pt-BR\"},{\"@type\":\"Organization\",\"@id\":\"https:\/\/investema.goldenlayers.com.br\/#organization\",\"name\":\"investema\",\"url\":\"https:\/\/investema.goldenlayers.com.br\/\",\"logo\":{\"@type\":\"ImageObject\",\"inLanguage\":\"pt-BR\",\"@id\":\"https:\/\/investema.goldenlayers.com.br\/#\/schema\/logo\/image\/\",\"url\":\"https:\/\/investema.goldenlayers.com.br\/wp-content\/uploads\/2025\/11\/Logo-colorida-horizontal.png\",\"contentUrl\":\"https:\/\/investema.goldenlayers.com.br\/wp-content\/uploads\/2025\/11\/Logo-colorida-horizontal.png\",\"width\":2325,\"height\":722,\"caption\":\"investema\"},\"image\":{\"@id\":\"https:\/\/investema.goldenlayers.com.br\/#\/schema\/logo\/image\/\"}}]}<\/script>\n<!-- \/ Yoast SEO plugin. -->","yoast_head_json":{"title":"Links \u00fateis - investema","robots":{"index":"index","follow":"follow","max-snippet":"max-snippet:-1","max-image-preview":"max-image-preview:large","max-video-preview":"max-video-preview:-1"},"canonical":"https:\/\/investema.goldenlayers.com.br\/index.php\/links-uteis\/","og_locale":"pt_BR","og_type":"article","og_title":"Links \u00fateis - investema","og_description":"Governo do Maranh\u00e3o www.ma.gov.br \u00a0 Secretarias e \u00d3rg\u00e3os Estaduais SEDEPE \u2014 Secretaria de Estado de Desenvolvimento Econ\u00f4mico e Programas Estrat\u00e9gicossedepe.ma.gov.br SEINC \u2014 Secretaria de Estado de Ind\u00fastria e Com\u00e9rcioseinc.ma.gov.br SEMA \u2014 Secretaria de Estado do Meio Ambiente e Recursos Naturaissema.ma.gov.br SECTI \u2014 Secretaria de Estado da Ci\u00eancia, Tecnologia e Inova\u00e7\u00e3osecti.ma.gov.br JUCEMA \u2014 Junta Comercial do [&hellip;]","og_url":"https:\/\/investema.goldenlayers.com.br\/index.php\/links-uteis\/","og_site_name":"investema","article_modified_time":"2026-01-15T22:16:58+00:00","twitter_card":"summary_large_image","twitter_misc":{"Est. tempo de leitura":"2 minutos"},"schema":{"@context":"https:\/\/schema.org","@graph":[{"@type":"WebPage","@id":"https:\/\/investema.goldenlayers.com.br\/index.php\/links-uteis\/","url":"https:\/\/investema.goldenlayers.com.br\/index.php\/links-uteis\/","name":"Links \u00fateis - investema","isPartOf":{"@id":"https:\/\/investema.goldenlayers.com.br\/#website"},"datePublished":"2026-01-15T20:34:12+00:00","dateModified":"2026-01-15T22:16:58+00:00","breadcrumb":{"@id":"https:\/\/investema.goldenlayers.com.br\/index.php\/links-uteis\/#breadcrumb"},"inLanguage":"pt-BR","potentialAction":[{"@type":"ReadAction","target":["https:\/\/investema.goldenlayers.com.br\/index.php\/links-uteis\/"]}]},{"@type":"BreadcrumbList","@id":"https:\/\/investema.goldenlayers.com.br\/index.php\/links-uteis\/#breadcrumb","itemListElement":[{"@type":"ListItem","position":1,"name":"Home","item":"https:\/\/investema.goldenlayers.com.br\/"},{"@type":"ListItem","position":2,"name":"Links \u00fateis"}]},{"@type":"WebSite","@id":"https:\/\/investema.goldenlayers.com.br\/#website","url":"https:\/\/investema.goldenlayers.com.br\/","name":"investema","description":"","publisher":{"@id":"https:\/\/investema.goldenlayers.com.br\/#organization"},"potentialAction":[{"@type":"SearchAction","target":{"@type":"EntryPoint","urlTemplate":"https:\/\/investema.goldenlayers.com.br\/?s={search_term_string}"},"query-input":{"@type":"PropertyValueSpecification","valueRequired":true,"valueName":"search_term_string"}}],"inLanguage":"pt-BR"},{"@type":"Organization","@id":"https:\/\/investema.goldenlayers.com.br\/#organization","name":"investema","url":"https:\/\/investema.goldenlayers.com.br\/","logo":{"@type":"ImageObject","inLanguage":"pt-BR","@id":"https:\/\/investema.goldenlayers.com.br\/#\/schema\/logo\/image\/","url":"https:\/\/investema.goldenlayers.com.br\/wp-content\/uploads\/2025\/11\/Logo-colorida-horizontal.png","contentUrl":"https:\/\/investema.goldenlayers.com.br\/wp-content\/uploads\/2025\/11\/Logo-colorida-horizontal.png","width":2325,"height":722,"caption":"investema"},"image":{"@id":"https:\/\/investema.goldenlayers.com.br\/#\/schema\/logo\/image\/"}}]}},"_links":{"self":[{"href":"https:\/\/investema.goldenlayers.com.br\/index.php\/wp-json\/wp\/v2\/pages\/1951","targetHints":{"allow":["GET"]}}],"collection":[{"href":"https:\/\/investema.goldenlayers.com.br\/index.php\/wp-json\/wp\/v2\/pages"}],"about":[{"href":"https:\/\/investema.goldenlayers.com.br\/index.php\/wp-json\/wp\/v2\/types\/page"}],"author":[{"embeddable":true,"href":"https:\/\/investema.goldenlayers.com.br\/index.php\/wp-json\/wp\/v2\/users\/1"}],"replies":[{"embeddable":true,"href":"https:\/\/investema.goldenlayers.com.br\/index.php\/wp-json\/wp\/v2\/comments?post=1951"}],"version-history":[{"count":43,"href":"https:\/\/investema.goldenlayers.com.br\/index.php\/wp-json\/wp\/v2\/pages\/1951\/revisions"}],"predecessor-version":[{"id":2002,"href":"https:\/\/investema.goldenlayers.com.br\/index.php\/wp-json\/wp\/v2\/pages\/1951\/revisions\/2002"}],"wp:attachment":[{"href":"https:\/\/investema.goldenlayers.com.br\/index.php\/wp-json\/wp\/v2\/media?parent=1951"}],"curies":[{"name":"wp","href":"https:\/\/api.w.org\/{rel}","templated":true}]}}