{"id":952,"date":"2025-12-10T23:52:31","date_gmt":"2025-12-11T02:52:31","guid":{"rendered":"https:\/\/investema.goldenlayers.com.br\/?page_id=952"},"modified":"2025-12-23T12:30:09","modified_gmt":"2025-12-23T15:30:09","slug":"projetos","status":"publish","type":"page","link":"https:\/\/investema.goldenlayers.com.br\/index.php\/projetos\/","title":{"rendered":"Projetos"},"content":{"rendered":"\t\t<div data-elementor-type=\"wp-page\" data-elementor-id=\"952\" class=\"elementor elementor-952\" data-elementor-post-type=\"page\">\n\t\t\t\t<div class=\"elementor-element elementor-element-582699d hero-slider-target e-flex e-con-boxed e-con e-parent\" data-id=\"582699d\" data-element_type=\"container\">\n\t\t\t\t\t<div class=\"e-con-inner\">\n\t\t<div class=\"elementor-element elementor-element-a451836 e-con-full e-flex e-con e-child\" data-id=\"a451836\" data-element_type=\"container\">\n\t\t\t\t<div class=\"elementor-element elementor-element-4dfc816 elementor-invisible elementor-widget elementor-widget-heading\" data-id=\"4dfc816\" data-element_type=\"widget\" data-settings=\"{&quot;_animation&quot;:&quot;fadeInUp&quot;}\" data-widget_type=\"heading.default\">\n\t\t\t\t\t<h1 class=\"elementor-heading-title elementor-size-default\">Projetos<\/h1>\t\t\t\t<\/div>\n\t\t\t\t<\/div>\n\t\t\t\t\t<\/div>\n\t\t\t\t<\/div>\n\t\t<div class=\"elementor-element elementor-element-3a7f12e e-flex e-con-boxed e-con e-parent\" data-id=\"3a7f12e\" data-element_type=\"container\" data-settings=\"{&quot;background_background&quot;:&quot;classic&quot;}\">\n\t\t\t\t\t<div class=\"e-con-inner\">\n\t\t<div class=\"elementor-element elementor-element-f44c3af e-con-full e-flex e-con e-child\" data-id=\"f44c3af\" data-element_type=\"container\">\n\t\t\t\t<div class=\"elementor-element elementor-element-5979ad2 elementor-invisible elementor-widget elementor-widget-heading\" data-id=\"5979ad2\" data-element_type=\"widget\" data-settings=\"{&quot;_animation&quot;:&quot;fadeInUp&quot;}\" data-widget_type=\"heading.default\">\n\t\t\t\t\t<h2 class=\"elementor-heading-title elementor-size-default\">Programas <span style=\"font-weight: 700\">governamentais<\/span>\n<\/h2>\t\t\t\t<\/div>\n\t\t\t\t<div class=\"elementor-element elementor-element-d039b2f elementor-widget__width-initial elementor-widget-mobile__width-inherit elementor-invisible elementor-widget elementor-widget-text-editor\" data-id=\"d039b2f\" data-element_type=\"widget\" data-settings=\"{&quot;_animation&quot;:&quot;fadeInUp&quot;}\" data-widget_type=\"text-editor.default\">\n\t\t\t\t\t\t\t\t\t<p>Programas de governo relacionados aos incentivos existentes para a atra\u00e7\u00e3o de empreendimentos.<\/p>\t\t\t\t\t\t\t\t<\/div>\n\t\t\t\t<\/div>\n\t\t\t\t\t<\/div>\n\t\t\t\t<\/div>\n\t\t<div class=\"elementor-element elementor-element-a95aed1 e-flex e-con-boxed e-con e-parent\" data-id=\"a95aed1\" data-element_type=\"container\">\n\t\t\t\t\t<div class=\"e-con-inner\">\n\t\t<div class=\"elementor-element elementor-element-d494f37 e-grid e-con-full e-con e-child\" data-id=\"d494f37\" data-element_type=\"container\">\n\t\t<div data-ha-element-link=\"{&quot;url&quot;:&quot;https:\\\/\\\/investema.goldenlayers.com.br\\\/index.php\\\/zona-de-processamento-de-exportacao&quot;,&quot;is_external&quot;:&quot;&quot;,&quot;nofollow&quot;:&quot;&quot;}\" style=\"cursor: pointer\" class=\"elementor-element elementor-element-00c789b e-con-full container-padrao e-flex e-con e-child\" data-id=\"00c789b\" data-element_type=\"container\">\n\t\t<div class=\"elementor-element elementor-element-a2c35a3 e-con-full e-flex e-con e-child\" data-id=\"a2c35a3\" data-element_type=\"container\" data-settings=\"{&quot;background_background&quot;:&quot;classic&quot;}\">\n\t\t\t\t<div class=\"elementor-element elementor-element-7fa7310 elementor-widget__width-initial elementor-widget elementor-widget-image\" data-id=\"7fa7310\" data-element_type=\"widget\" data-widget_type=\"image.default\">\n\t\t\t\t\t\t\t\t\t\t\t\t\t\t\t<img fetchpriority=\"high\" decoding=\"async\" width=\"488\" height=\"281\" src=\"https:\/\/investema.goldenlayers.com.br\/wp-content\/uploads\/2025\/12\/group_1171275489.webp\" class=\"attachment-full size-full wp-image-991\" alt=\"\" srcset=\"https:\/\/investema.goldenlayers.com.br\/wp-content\/uploads\/2025\/12\/group_1171275489.webp 488w, https:\/\/investema.goldenlayers.com.br\/wp-content\/uploads\/2025\/12\/group_1171275489-300x173.webp 300w\" sizes=\"(max-width: 488px) 100vw, 488px\" \/>\t\t\t\t\t\t\t\t\t\t\t\t\t\t\t<\/div>\n\t\t\t\t<\/div>\n\t\t<div class=\"elementor-element elementor-element-8861c9c e-con-full e-flex e-con e-child\" data-id=\"8861c9c\" data-element_type=\"container\">\n\t\t\t\t<div class=\"elementor-element elementor-element-e411dfd elementor-widget elementor-widget-heading\" data-id=\"e411dfd\" data-element_type=\"widget\" data-widget_type=\"heading.default\">\n\t\t\t\t\t<h2 class=\"elementor-heading-title elementor-size-default\">Zona de <b>Processamento de Exporta\u00e7\u00e3o<\/b> <\/h2>\t\t\t\t<\/div>\n\t\t\t\t<div class=\"elementor-element elementor-element-37ede3b elementor-widget__width-initial elementor-widget-mobile__width-inherit elementor-widget elementor-widget-text-editor\" data-id=\"37ede3b\" data-element_type=\"widget\" data-widget_type=\"text-editor.default\">\n\t\t\t\t\t\t\t\t\t<p>A\u00a0<strong>ZPE Maranh\u00e3o<\/strong>, criada pelo\u00a0<strong>Decreto Federal n\u00ba 12.131\/2024<\/strong>, \u00e9 uma \u00e1rea de livre com\u00e9rcio dedicada \u00e0\u00a0<strong>atra\u00e7\u00e3o de investimentos produtivos<\/strong>\u00a0e \u00e0\u00a0<strong>produ\u00e7\u00e3o de bens para exporta\u00e7\u00e3o<\/strong>, oferecendo benef\u00edcios fiscais, aduaneiros e log\u00edsticos \u00fanicos no Brasil.<\/p>\t\t\t\t\t\t\t\t<\/div>\n\t\t\t\t<\/div>\n\t\t\t\t<\/div>\n\t\t<div data-ha-element-link=\"{&quot;url&quot;:&quot;https:\\\/\\\/investema.goldenlayers.com.br\\\/index.php\\\/projetos-beneficios\\\/&quot;,&quot;is_external&quot;:&quot;&quot;,&quot;nofollow&quot;:&quot;&quot;}\" style=\"cursor: pointer\" class=\"elementor-element elementor-element-ec1c628 e-con-full container-padrao e-flex e-con e-child\" data-id=\"ec1c628\" data-element_type=\"container\">\n\t\t<div class=\"elementor-element elementor-element-c4b4314 e-con-full e-flex e-con e-child\" data-id=\"c4b4314\" data-element_type=\"container\" data-settings=\"{&quot;background_background&quot;:&quot;classic&quot;}\">\n\t\t\t\t<div class=\"elementor-element elementor-element-eefa698 elementor-widget__width-initial elementor-widget elementor-widget-image\" data-id=\"eefa698\" data-element_type=\"widget\" data-widget_type=\"image.default\">\n\t\t\t\t\t\t\t\t\t\t\t\t\t\t\t<img decoding=\"async\" width=\"25\" height=\"25\" src=\"https:\/\/investema.goldenlayers.com.br\/wp-content\/uploads\/2025\/12\/Database.svg\" class=\"attachment-full size-full wp-image-954\" alt=\"\" \/>\t\t\t\t\t\t\t\t\t\t\t\t\t\t\t<\/div>\n\t\t\t\t<\/div>\n\t\t<div class=\"elementor-element elementor-element-ec08358 e-con-full e-flex e-con e-child\" data-id=\"ec08358\" data-element_type=\"container\">\n\t\t\t\t<div class=\"elementor-element elementor-element-8071dd0 elementor-widget elementor-widget-heading\" data-id=\"8071dd0\" data-element_type=\"widget\" data-widget_type=\"heading.default\">\n\t\t\t\t\t<h2 class=\"elementor-heading-title elementor-size-default\">Benef\u00edcios  \n <b>Fiscais<\/b> <\/h2>\t\t\t\t<\/div>\n\t\t\t\t<div class=\"elementor-element elementor-element-578ab87 elementor-widget__width-initial elementor-widget-mobile__width-inherit elementor-widget elementor-widget-text-editor\" data-id=\"578ab87\" data-element_type=\"widget\" data-widget_type=\"text-editor.default\">\n\t\t\t\t\t\t\t\t\t<p>O Maranh\u00e3o se destaca no cen\u00e1rio nacional como um dos estados mais atrativos para novos neg\u00f3cios. Com pol\u00edticas de\u00a0<strong>incentivos fiscais modernas e competitivas<\/strong>, o governo estadual oferece condi\u00e7\u00f5es diferenciadas para empresas que desejam investir, crescer e exportar a partir do Nordeste.<\/p>\t\t\t\t\t\t\t\t<\/div>\n\t\t\t\t<\/div>\n\t\t\t\t<\/div>\n\t\t\t\t<\/div>\n\t\t\t\t\t<\/div>\n\t\t\t\t<\/div>\n\t\t\t\t<\/div>\n\t\t","protected":false},"excerpt":{"rendered":"<p>Projetos Programas governamentais Programas de governo relacionados aos incentivos existentes para a atra\u00e7\u00e3o de empreendimentos. Zona de Processamento de Exporta\u00e7\u00e3o A\u00a0ZPE Maranh\u00e3o, criada pelo\u00a0Decreto Federal n\u00ba 12.131\/2024, \u00e9 uma \u00e1rea de livre com\u00e9rcio dedicada \u00e0\u00a0atra\u00e7\u00e3o de investimentos produtivos\u00a0e \u00e0\u00a0produ\u00e7\u00e3o de bens para exporta\u00e7\u00e3o, oferecendo benef\u00edcios fiscais, aduaneiros e log\u00edsticos \u00fanicos no Brasil. Benef\u00edcios Fiscais O [&hellip;]<\/p>\n","protected":false},"author":1,"featured_media":0,"parent":0,"menu_order":0,"comment_status":"closed","ping_status":"closed","template":"","meta":{"_acf_changed":false,"footnotes":""},"class_list":["post-952","page","type-page","status-publish","hentry"],"acf":[],"yoast_head":"<!-- This site is optimized with the Yoast SEO plugin v26.7 - https:\/\/yoast.com\/wordpress\/plugins\/seo\/ -->\n<title>Projetos - investema<\/title>\n<meta name=\"robots\" content=\"index, follow, max-snippet:-1, max-image-preview:large, max-video-preview:-1\" \/>\n<link rel=\"canonical\" href=\"https:\/\/investema.goldenlayers.com.br\/index.php\/projetos\/\" \/>\n<meta property=\"og:locale\" content=\"pt_BR\" \/>\n<meta property=\"og:type\" content=\"article\" \/>\n<meta property=\"og:title\" content=\"Projetos - investema\" \/>\n<meta property=\"og:description\" content=\"Projetos Programas governamentais Programas de governo relacionados aos incentivos existentes para a atra\u00e7\u00e3o de empreendimentos. Zona de Processamento de Exporta\u00e7\u00e3o A\u00a0ZPE Maranh\u00e3o, criada pelo\u00a0Decreto Federal n\u00ba 12.131\/2024, \u00e9 uma \u00e1rea de livre com\u00e9rcio dedicada \u00e0\u00a0atra\u00e7\u00e3o de investimentos produtivos\u00a0e \u00e0\u00a0produ\u00e7\u00e3o de bens para exporta\u00e7\u00e3o, oferecendo benef\u00edcios fiscais, aduaneiros e log\u00edsticos \u00fanicos no Brasil. Benef\u00edcios Fiscais O [&hellip;]\" \/>\n<meta property=\"og:url\" content=\"https:\/\/investema.goldenlayers.com.br\/index.php\/projetos\/\" \/>\n<meta property=\"og:site_name\" content=\"investema\" \/>\n<meta property=\"article:modified_time\" content=\"2025-12-23T15:30:09+00:00\" \/>\n<meta property=\"og:image\" content=\"https:\/\/investema.goldenlayers.com.br\/wp-content\/uploads\/2025\/12\/group_1171275489.webp\" \/>\n<meta name=\"twitter:card\" content=\"summary_large_image\" \/>\n<meta name=\"twitter:label1\" content=\"Est. tempo de leitura\" \/>\n\t<meta name=\"twitter:data1\" content=\"1 minuto\" \/>\n<script type=\"application\/ld+json\" class=\"yoast-schema-graph\">{\"@context\":\"https:\/\/schema.org\",\"@graph\":[{\"@type\":\"WebPage\",\"@id\":\"https:\/\/investema.goldenlayers.com.br\/index.php\/projetos\/\",\"url\":\"https:\/\/investema.goldenlayers.com.br\/index.php\/projetos\/\",\"name\":\"Projetos - investema\",\"isPartOf\":{\"@id\":\"https:\/\/investema.goldenlayers.com.br\/#website\"},\"primaryImageOfPage\":{\"@id\":\"https:\/\/investema.goldenlayers.com.br\/index.php\/projetos\/#primaryimage\"},\"image\":{\"@id\":\"https:\/\/investema.goldenlayers.com.br\/index.php\/projetos\/#primaryimage\"},\"thumbnailUrl\":\"https:\/\/investema.goldenlayers.com.br\/wp-content\/uploads\/2025\/12\/group_1171275489.webp\",\"datePublished\":\"2025-12-11T02:52:31+00:00\",\"dateModified\":\"2025-12-23T15:30:09+00:00\",\"breadcrumb\":{\"@id\":\"https:\/\/investema.goldenlayers.com.br\/index.php\/projetos\/#breadcrumb\"},\"inLanguage\":\"pt-BR\",\"potentialAction\":[{\"@type\":\"ReadAction\",\"target\":[\"https:\/\/investema.goldenlayers.com.br\/index.php\/projetos\/\"]}]},{\"@type\":\"ImageObject\",\"inLanguage\":\"pt-BR\",\"@id\":\"https:\/\/investema.goldenlayers.com.br\/index.php\/projetos\/#primaryimage\",\"url\":\"https:\/\/investema.goldenlayers.com.br\/wp-content\/uploads\/2025\/12\/group_1171275489.webp\",\"contentUrl\":\"https:\/\/investema.goldenlayers.com.br\/wp-content\/uploads\/2025\/12\/group_1171275489.webp\",\"width\":488,\"height\":281},{\"@type\":\"BreadcrumbList\",\"@id\":\"https:\/\/investema.goldenlayers.com.br\/index.php\/projetos\/#breadcrumb\",\"itemListElement\":[{\"@type\":\"ListItem\",\"position\":1,\"name\":\"Home\",\"item\":\"https:\/\/investema.goldenlayers.com.br\/\"},{\"@type\":\"ListItem\",\"position\":2,\"name\":\"Projetos\"}]},{\"@type\":\"WebSite\",\"@id\":\"https:\/\/investema.goldenlayers.com.br\/#website\",\"url\":\"https:\/\/investema.goldenlayers.com.br\/\",\"name\":\"investema\",\"description\":\"\",\"publisher\":{\"@id\":\"https:\/\/investema.goldenlayers.com.br\/#organization\"},\"potentialAction\":[{\"@type\":\"SearchAction\",\"target\":{\"@type\":\"EntryPoint\",\"urlTemplate\":\"https:\/\/investema.goldenlayers.com.br\/?s={search_term_string}\"},\"query-input\":{\"@type\":\"PropertyValueSpecification\",\"valueRequired\":true,\"valueName\":\"search_term_string\"}}],\"inLanguage\":\"pt-BR\"},{\"@type\":\"Organization\",\"@id\":\"https:\/\/investema.goldenlayers.com.br\/#organization\",\"name\":\"investema\",\"url\":\"https:\/\/investema.goldenlayers.com.br\/\",\"logo\":{\"@type\":\"ImageObject\",\"inLanguage\":\"pt-BR\",\"@id\":\"https:\/\/investema.goldenlayers.com.br\/#\/schema\/logo\/image\/\",\"url\":\"https:\/\/investema.goldenlayers.com.br\/wp-content\/uploads\/2025\/11\/Logo-colorida-horizontal.png\",\"contentUrl\":\"https:\/\/investema.goldenlayers.com.br\/wp-content\/uploads\/2025\/11\/Logo-colorida-horizontal.png\",\"width\":2325,\"height\":722,\"caption\":\"investema\"},\"image\":{\"@id\":\"https:\/\/investema.goldenlayers.com.br\/#\/schema\/logo\/image\/\"}}]}<\/script>\n<!-- \/ Yoast SEO plugin. -->","yoast_head_json":{"title":"Projetos - investema","robots":{"index":"index","follow":"follow","max-snippet":"max-snippet:-1","max-image-preview":"max-image-preview:large","max-video-preview":"max-video-preview:-1"},"canonical":"https:\/\/investema.goldenlayers.com.br\/index.php\/projetos\/","og_locale":"pt_BR","og_type":"article","og_title":"Projetos - investema","og_description":"Projetos Programas governamentais Programas de governo relacionados aos incentivos existentes para a atra\u00e7\u00e3o de empreendimentos. Zona de Processamento de Exporta\u00e7\u00e3o A\u00a0ZPE Maranh\u00e3o, criada pelo\u00a0Decreto Federal n\u00ba 12.131\/2024, \u00e9 uma \u00e1rea de livre com\u00e9rcio dedicada \u00e0\u00a0atra\u00e7\u00e3o de investimentos produtivos\u00a0e \u00e0\u00a0produ\u00e7\u00e3o de bens para exporta\u00e7\u00e3o, oferecendo benef\u00edcios fiscais, aduaneiros e log\u00edsticos \u00fanicos no Brasil. Benef\u00edcios Fiscais O [&hellip;]","og_url":"https:\/\/investema.goldenlayers.com.br\/index.php\/projetos\/","og_site_name":"investema","article_modified_time":"2025-12-23T15:30:09+00:00","og_image":[{"url":"https:\/\/investema.goldenlayers.com.br\/wp-content\/uploads\/2025\/12\/group_1171275489.webp","type":"","width":"","height":""}],"twitter_card":"summary_large_image","twitter_misc":{"Est. tempo de leitura":"1 minuto"},"schema":{"@context":"https:\/\/schema.org","@graph":[{"@type":"WebPage","@id":"https:\/\/investema.goldenlayers.com.br\/index.php\/projetos\/","url":"https:\/\/investema.goldenlayers.com.br\/index.php\/projetos\/","name":"Projetos - investema","isPartOf":{"@id":"https:\/\/investema.goldenlayers.com.br\/#website"},"primaryImageOfPage":{"@id":"https:\/\/investema.goldenlayers.com.br\/index.php\/projetos\/#primaryimage"},"image":{"@id":"https:\/\/investema.goldenlayers.com.br\/index.php\/projetos\/#primaryimage"},"thumbnailUrl":"https:\/\/investema.goldenlayers.com.br\/wp-content\/uploads\/2025\/12\/group_1171275489.webp","datePublished":"2025-12-11T02:52:31+00:00","dateModified":"2025-12-23T15:30:09+00:00","breadcrumb":{"@id":"https:\/\/investema.goldenlayers.com.br\/index.php\/projetos\/#breadcrumb"},"inLanguage":"pt-BR","potentialAction":[{"@type":"ReadAction","target":["https:\/\/investema.goldenlayers.com.br\/index.php\/projetos\/"]}]},{"@type":"ImageObject","inLanguage":"pt-BR","@id":"https:\/\/investema.goldenlayers.com.br\/index.php\/projetos\/#primaryimage","url":"https:\/\/investema.goldenlayers.com.br\/wp-content\/uploads\/2025\/12\/group_1171275489.webp","contentUrl":"https:\/\/investema.goldenlayers.com.br\/wp-content\/uploads\/2025\/12\/group_1171275489.webp","width":488,"height":281},{"@type":"BreadcrumbList","@id":"https:\/\/investema.goldenlayers.com.br\/index.php\/projetos\/#breadcrumb","itemListElement":[{"@type":"ListItem","position":1,"name":"Home","item":"https:\/\/investema.goldenlayers.com.br\/"},{"@type":"ListItem","position":2,"name":"Projetos"}]},{"@type":"WebSite","@id":"https:\/\/investema.goldenlayers.com.br\/#website","url":"https:\/\/investema.goldenlayers.com.br\/","name":"investema","description":"","publisher":{"@id":"https:\/\/investema.goldenlayers.com.br\/#organization"},"potentialAction":[{"@type":"SearchAction","target":{"@type":"EntryPoint","urlTemplate":"https:\/\/investema.goldenlayers.com.br\/?s={search_term_string}"},"query-input":{"@type":"PropertyValueSpecification","valueRequired":true,"valueName":"search_term_string"}}],"inLanguage":"pt-BR"},{"@type":"Organization","@id":"https:\/\/investema.goldenlayers.com.br\/#organization","name":"investema","url":"https:\/\/investema.goldenlayers.com.br\/","logo":{"@type":"ImageObject","inLanguage":"pt-BR","@id":"https:\/\/investema.goldenlayers.com.br\/#\/schema\/logo\/image\/","url":"https:\/\/investema.goldenlayers.com.br\/wp-content\/uploads\/2025\/11\/Logo-colorida-horizontal.png","contentUrl":"https:\/\/investema.goldenlayers.com.br\/wp-content\/uploads\/2025\/11\/Logo-colorida-horizontal.png","width":2325,"height":722,"caption":"investema"},"image":{"@id":"https:\/\/investema.goldenlayers.com.br\/#\/schema\/logo\/image\/"}}]}},"_links":{"self":[{"href":"https:\/\/investema.goldenlayers.com.br\/index.php\/wp-json\/wp\/v2\/pages\/952","targetHints":{"allow":["GET"]}}],"collection":[{"href":"https:\/\/investema.goldenlayers.com.br\/index.php\/wp-json\/wp\/v2\/pages"}],"about":[{"href":"https:\/\/investema.goldenlayers.com.br\/index.php\/wp-json\/wp\/v2\/types\/page"}],"author":[{"embeddable":true,"href":"https:\/\/investema.goldenlayers.com.br\/index.php\/wp-json\/wp\/v2\/users\/1"}],"replies":[{"embeddable":true,"href":"https:\/\/investema.goldenlayers.com.br\/index.php\/wp-json\/wp\/v2\/comments?post=952"}],"version-history":[{"count":96,"href":"https:\/\/investema.goldenlayers.com.br\/index.php\/wp-json\/wp\/v2\/pages\/952\/revisions"}],"predecessor-version":[{"id":1347,"href":"https:\/\/investema.goldenlayers.com.br\/index.php\/wp-json\/wp\/v2\/pages\/952\/revisions\/1347"}],"wp:attachment":[{"href":"https:\/\/investema.goldenlayers.com.br\/index.php\/wp-json\/wp\/v2\/media?parent=952"}],"curies":[{"name":"wp","href":"https:\/\/api.w.org\/{rel}","templated":true}]}}